{"id":121,"date":"2024-04-02T14:43:31","date_gmt":"2024-04-02T12:43:31","guid":{"rendered":"https:\/\/tetodisz.hu\/new\/?page_id=121"},"modified":"2026-01-04T13:34:52","modified_gmt":"2026-01-04T12:34:52","slug":"kapcsolat","status":"publish","type":"page","link":"https:\/\/tetodisz.hu\/new\/kapcsolat\/","title":{"rendered":"Kapcsolat"},"content":{"rendered":"\n<h4 class=\"wp-block-heading\">Holl\u00f3 Met\u00e1l Kft.<br>Holl\u00f3 Mih\u00e1ly E.V.<\/h4>\n\n\n\n<p><\/p>\n\n\n\n<h4 class=\"wp-block-heading\"><strong><a href=\"mailto:hollo.mihaly@t-online.hu\">E-mail:\u00a0<\/a><\/strong><a href=\"mailto:hollometal@gmail.com\" target=\"_blank\" rel=\"noreferrer noopener\">hollometal@gmail.com<\/a><\/h4>\n\n\n\n<h4 class=\"wp-block-heading\">Telefon:\u00a0<a href=\"tel:06302640603\">0630\/5063481<\/a><\/h4>\n\n\n\n<p><\/p>\n\n\n\n<h4 class=\"wp-block-heading has-text-align-left\"><strong>C\u00edm: <\/strong> <mark style=\"background-color:rgba(0, 0, 0, 0)\" class=\"has-inline-color has-black-color\">5200 T\u00f6r\u00f6kszentmikl\u00f3s Arany J\u00e1nos utca 7.<\/mark><\/h4>\n\n\n\n<p><\/p>\n","protected":false},"excerpt":{"rendered":"<p>Holl\u00f3 Met\u00e1l Kft.Holl\u00f3 Mih\u00e1ly E.V. E-mail:\u00a0hollometal@gmail.com Telefon:\u00a00630\/5063481 C\u00edm: 5200 T\u00f6r\u00f6kszentmikl\u00f3s Arany J\u00e1nos utca 7.<\/p>\n","protected":false},"author":1,"featured_media":0,"parent":0,"menu_order":0,"comment_status":"closed","ping_status":"closed","template":"","meta":{"footnotes":""},"class_list":["post-121","page","type-page","status-publish","hentry"],"_links":{"self":[{"href":"https:\/\/tetodisz.hu\/new\/wp-json\/wp\/v2\/pages\/121","targetHints":{"allow":["GET"]}}],"collection":[{"href":"https:\/\/tetodisz.hu\/new\/wp-json\/wp\/v2\/pages"}],"about":[{"href":"https:\/\/tetodisz.hu\/new\/wp-json\/wp\/v2\/types\/page"}],"author":[{"embeddable":true,"href":"https:\/\/tetodisz.hu\/new\/wp-json\/wp\/v2\/users\/1"}],"replies":[{"embeddable":true,"href":"https:\/\/tetodisz.hu\/new\/wp-json\/wp\/v2\/comments?post=121"}],"version-history":[{"count":22,"href":"https:\/\/tetodisz.hu\/new\/wp-json\/wp\/v2\/pages\/121\/revisions"}],"predecessor-version":[{"id":265,"href":"https:\/\/tetodisz.hu\/new\/wp-json\/wp\/v2\/pages\/121\/revisions\/265"}],"wp:attachment":[{"href":"https:\/\/tetodisz.hu\/new\/wp-json\/wp\/v2\/media?parent=121"}],"curies":[{"name":"wp","href":"https:\/\/api.w.org\/{rel}","templated":true}]}}