{"id":5,"date":"2015-04-20T23:52:00","date_gmt":"2015-04-20T21:52:00","guid":{"rendered":"https:\/\/tetodisz.hu\/new\/tetodisz\/"},"modified":"2026-01-04T14:54:37","modified_gmt":"2026-01-04T13:54:37","slug":"tetodisz","status":"publish","type":"page","link":"https:\/\/tetodisz.hu\/new\/tetodisz\/","title":{"rendered":"\u00c1rlista"},"content":{"rendered":"\n<div data-wp-interactive=\"core\/file\" class=\"wp-block-file\"><object data-wp-bind--hidden=\"!state.hasPdfPreview\" hidden class=\"wp-block-file__embed\" data=\"https:\/\/tetodisz.hu\/new\/wp-content\/uploads\/2026\/01\/arlista-tetodiszek-2026.01.01.pdf\" type=\"application\/pdf\" style=\"width:100%;height:600px\" aria-label=\"\u00e1rlista tet\u0151d\u00edszek 2026.01.01 be\u00e1gyaz\u00e1sa\"><\/object><a id=\"wp-block-file--media-f4f1f349-77bc-4648-aca4-95b3bde03ff2\" href=\"https:\/\/tetodisz.hu\/new\/wp-content\/uploads\/2026\/01\/arlista-tetodiszek-2026.01.01.pdf\">\u00e1rlista tet\u0151d\u00edszek 2026.01.01<\/a><a href=\"https:\/\/tetodisz.hu\/new\/wp-content\/uploads\/2026\/01\/arlista-tetodiszek-2026.01.01.pdf\" class=\"wp-block-file__button wp-element-button\" download aria-describedby=\"wp-block-file--media-f4f1f349-77bc-4648-aca4-95b3bde03ff2\">Let\u00f6lt\u00e9s<\/a><\/div>\n\n\n\n<p><\/p>\n","protected":false},"excerpt":{"rendered":"","protected":false},"author":1,"featured_media":4,"parent":0,"menu_order":3,"comment_status":"closed","ping_status":"closed","template":"","meta":{"footnotes":""},"class_list":["post-5","page","type-page","status-publish","has-post-thumbnail","hentry"],"_links":{"self":[{"href":"https:\/\/tetodisz.hu\/new\/wp-json\/wp\/v2\/pages\/5","targetHints":{"allow":["GET"]}}],"collection":[{"href":"https:\/\/tetodisz.hu\/new\/wp-json\/wp\/v2\/pages"}],"about":[{"href":"https:\/\/tetodisz.hu\/new\/wp-json\/wp\/v2\/types\/page"}],"author":[{"embeddable":true,"href":"https:\/\/tetodisz.hu\/new\/wp-json\/wp\/v2\/users\/1"}],"replies":[{"embeddable":true,"href":"https:\/\/tetodisz.hu\/new\/wp-json\/wp\/v2\/comments?post=5"}],"version-history":[{"count":3,"href":"https:\/\/tetodisz.hu\/new\/wp-json\/wp\/v2\/pages\/5\/revisions"}],"predecessor-version":[{"id":329,"href":"https:\/\/tetodisz.hu\/new\/wp-json\/wp\/v2\/pages\/5\/revisions\/329"}],"wp:featuredmedia":[{"embeddable":true,"href":"https:\/\/tetodisz.hu\/new\/wp-json\/wp\/v2\/media\/4"}],"wp:attachment":[{"href":"https:\/\/tetodisz.hu\/new\/wp-json\/wp\/v2\/media?parent=5"}],"curies":[{"name":"wp","href":"https:\/\/api.w.org\/{rel}","templated":true}]}}